{"id":889,"date":"2022-02-02T06:59:57","date_gmt":"2022-02-02T06:59:57","guid":{"rendered":"https:\/\/semprealertagestaoservicos.com.br\/services\/"},"modified":"2025-08-08T22:35:15","modified_gmt":"2025-08-09T01:35:15","slug":"services","status":"publish","type":"page","link":"https:\/\/semprealertagestaoservicos.com.br\/?page_id=889","title":{"rendered":"servicos"},"content":{"rendered":"\n<div class=\"wp-block-columns is-layout-flex wp-container-core-columns-is-layout-28f84493 wp-block-columns-is-layout-flex\">\n<div class=\"wp-block-column is-layout-flow wp-block-column-is-layout-flow\"><\/div>\n<\/div>\n\n\n\n<div class=\"wp-block-columns is-layout-flex wp-container-core-columns-is-layout-28f84493 wp-block-columns-is-layout-flex\">\n<div class=\"wp-block-column is-layout-flow wp-block-column-is-layout-flow\">\n<p class=\"has-text-align-center\"><strong>PORTARIA E CONTROLE DE ACESSO<\/strong><\/p>\n\n\n\n<p class=\"has-text-align-center\">Este servi\u00e7o \u00e9 prestado por pessoal capacitado e preparado para utilizar equipamentos de comunica\u00e7\u00f5es e inform\u00e1tica para controle de acessos, ve\u00edculos, pessoas e materiais. Os supervisores operacionais realizam visitas regularmente para monitoramento das atividades, garantido uma excelente presta\u00e7\u00e3o de servi\u00e7o pela empresa Sempre Alerta.<\/p>\n<\/div>\n\n\n\n<div class=\"wp-block-column is-layout-flow wp-block-column-is-layout-flow\">\n<p class=\"has-text-align-center\"><strong>APOIO ADMINISTRATIVO<\/strong><br><\/p>\n\n\n\n<p class=\"has-text-align-center\">Este servi\u00e7o visa realizar tarefas de suporte administrativo como a organiza\u00e7\u00e3o de documentos, preenchimento de planilhas, atendimento telef\u00f4nico, recebimento de correspond\u00eancias e etc. \u00c9 um profissional importante para o setor, uma vez que atua no suporte e assist\u00eancia. Posto isto, a Sempre Alerta possui profissionais qualificados e experientes para o servi\u00e7o.<\/p>\n<\/div>\n\n\n\n<div class=\"wp-block-column is-layout-flow wp-block-column-is-layout-flow\">\n<p class=\"has-text-align-center\"><strong>SECRETARIADO<\/strong><\/p>\n\n\n\n<p class=\"has-text-align-center\">O profissional trabalha no assessoramento, organiza\u00e7\u00e3o de agenda de compromissos, organiza\u00e7\u00e3o e elabora\u00e7\u00e3o de documentos,&nbsp; atendimento a clientes externos e internos e participa na elabora\u00e7\u00e3o de atas e pautas. Portanto, \u00e9 um profissional que exige uma \u00f3tima qualifica\u00e7\u00e3o para a adequa\u00e7\u00e3o de sua fun\u00e7\u00e3o, como os que a Sempre Alerta oferece.<\/p>\n<\/div>\n<\/div>\n\n\n\n<div class=\"wp-block-columns is-layout-flex wp-container-core-columns-is-layout-28f84493 wp-block-columns-is-layout-flex\">\n<div class=\"wp-block-column is-layout-flow wp-block-column-is-layout-flow\"><\/div>\n\n\n\n<div class=\"wp-block-column is-layout-flow wp-block-column-is-layout-flow\"><\/div>\n\n\n\n<div class=\"wp-block-column is-layout-flow wp-block-column-is-layout-flow\"><\/div>\n<\/div>\n\n\n\n<div class=\"wp-block-columns is-layout-flex wp-container-core-columns-is-layout-28f84493 wp-block-columns-is-layout-flex\">\n<div class=\"wp-block-column is-layout-flow wp-block-column-is-layout-flow\">\n<p class=\"has-text-align-center\"><strong>RECEP\u00c7\u00c3O<\/strong><\/p>\n\n\n\n<p class=\"has-text-align-center\">A empresa conta com uma equipe de recepcionistas cuidadosamente selecionadas, treinadas, uniformizadas e identificadas, aptas a utilizar as tecnologias necess\u00e1rias para registro de visitantes, atendimento telef\u00f4nico, recepcionar funcion\u00e1rios ou visitantes de forma prestativa e amig\u00e1vel.<\/p>\n<\/div>\n\n\n\n<div class=\"wp-block-column is-layout-flow wp-block-column-is-layout-flow\">\n<p class=\"has-text-align-center\">L<strong>IMPEZA E CONSERVA\u00c7\u00c3O<\/strong><\/p>\n\n\n\n<p class=\"has-text-align-center\">A Limpeza e conserva\u00e7\u00e3o visam a higieniza\u00e7\u00e3o e manuten\u00e7\u00e3o da organiza\u00e7\u00e3o em diferentes ambientes. Nossos profissionais s\u00e3o especialmente treinados para sua fun\u00e7\u00e3o, utilizando materiais e equipamentos profissionais a fim de desenvolver solu\u00e7\u00f5es eficazes para as necessidades de cada cliente.<\/p>\n<\/div>\n\n\n\n<div class=\"wp-block-column is-layout-flow wp-block-column-is-layout-flow\">\n<p class=\"has-text-align-center\"><strong><strong>JARDINAGEM<\/strong><\/strong><\/p>\n\n\n\n<p class=\"has-text-align-center\">O jardineiro realiza fun\u00e7\u00f5es como administra\u00e7\u00e3o, manuten\u00e7\u00e3o e forma\u00e7\u00e3o de jardins; limpeza e conserva\u00e7\u00e3o; podas e controle de pragas, mantendo a harmonia e boa visualiza\u00e7\u00e3o do ambiente. A Sempre Alerta disponibiliza de profissionais capacitados para a fun\u00e7\u00e3o.<\/p>\n<\/div>\n<\/div>\n\n\n\n<div class=\"wp-block-columns has-ast-global-color-0-background-color has-background has-medium-font-size is-layout-flex wp-container-core-columns-is-layout-28f84493 wp-block-columns-is-layout-flex\">\n<div class=\"wp-block-column is-layout-flow wp-block-column-is-layout-flow\">\n<h6 class=\"wp-block-heading has-text-align-center\">MISS\u00c3O<\/h6>\n\n\n\n<p class=\"has-text-align-center\">Fornecer m\u00e3o de obra com a compet\u00eancia necess\u00e1ria para atender com efici\u00eancia e efic\u00e1cia<br>as demandas dos clientes, de modo a superar as suas expectativas, sempre em conformidade com<br>requisitos legais, regulamentares e seu Programa de Integridade.<\/p>\n<\/div>\n\n\n\n<div class=\"wp-block-column is-layout-flow wp-block-column-is-layout-flow\">\n<h6 class=\"wp-block-heading has-text-align-center\">VIS\u00c3O<\/h6>\n\n\n\n<p>Manter-se atuante em seu segmento de atua\u00e7\u00e3o, sendo refer\u00eancia para clientes, governo e<br>empresas concorrentes.<\/p>\n<\/div>\n\n\n\n<div class=\"wp-block-column is-layout-flow wp-block-column-is-layout-flow\">\n<h6 class=\"wp-block-heading has-text-align-center\">VALORES<\/h6>\n\n\n\n<p class=\"has-text-align-center\">A Sempre Alerta preza pela \u00e9tica, transpar\u00eancia, comprometimento e respeito, propiciando aos seus colaboradores um ambiente de respeito, livre de ass\u00e9dios e discrimina\u00e7\u00f5es.<\/p>\n<\/div>\n<\/div>\n\n\n\n<div class=\"wp-block-columns has-ast-global-color-0-background-color has-background has-medium-font-size is-layout-flex wp-container-core-columns-is-layout-28f84493 wp-block-columns-is-layout-flex\">\n<div class=\"wp-block-column is-layout-flow wp-block-column-is-layout-flow\">\n<h6 class=\"wp-block-heading has-text-align-center\">Endere\u00e7o:<\/h6>\n\n\n\n<p class=\"has-text-align-center\">SAAN, Quadra 01, Lt 1290, Bras\u00edlia-DF<br>CEP: 70.632-100<br>61-3201-4664<\/p>\n<\/div>\n\n\n\n<div class=\"wp-block-column is-layout-flow wp-block-column-is-layout-flow\">\n<h6 class=\"wp-block-heading has-text-align-center\">Email:<\/h6>\n\n\n\n<p class=\"has-text-align-center\">semprealertaltda@gmail.com<\/p>\n<\/div>\n\n\n\n<div class=\"wp-block-column is-layout-flow wp-block-column-is-layout-flow\">\n<h6 class=\"wp-block-heading has-text-align-center\">Hor\u00e1rio de atendimento:<\/h6>\n\n\n\n<p class=\"has-text-align-center\">Segunda a Quinta 8h \u00e0s 18h<br>Sexta 8h \u00e0s 17h<\/p>\n<\/div>\n<\/div>\n\n\n\n<p><\/p>\n","protected":false},"excerpt":{"rendered":"<p>PORTARIA E CONTROLE DE ACESSO Este servi\u00e7o \u00e9 prestado por pessoal capacitado e preparado para utilizar equipamentos de comunica\u00e7\u00f5es e inform\u00e1tica para controle de acessos, ve\u00edculos, pessoas e materiais. Os supervisores operacionais realizam visitas regularmente para monitoramento das atividades, garantido uma excelente presta\u00e7\u00e3o de servi\u00e7o pela empresa Sempre Alerta. APOIO ADMINISTRATIVO Este servi\u00e7o visa realizar [&hellip;]<\/p>\n","protected":false},"author":1,"featured_media":0,"parent":0,"menu_order":0,"comment_status":"closed","ping_status":"closed","template":"","meta":{"site-sidebar-layout":"no-sidebar","site-content-layout":"plain-container","ast-site-content-layout":"normal-width-container","site-content-style":"unboxed","site-sidebar-style":"unboxed","ast-global-header-display":"","ast-banner-title-visibility":"","ast-main-header-display":"","ast-hfb-above-header-display":"","ast-hfb-below-header-display":"","ast-hfb-mobile-header-display":"","site-post-title":"disabled","ast-breadcrumbs-content":"","ast-featured-img":"disabled","footer-sml-layout":"","theme-transparent-header-meta":"enabled","adv-header-id-meta":"","stick-header-meta":"","header-above-stick-meta":"","header-main-stick-meta":"","header-below-stick-meta":"","astra-migrate-meta-layouts":"set","ast-page-background-enabled":"default","ast-page-background-meta":{"desktop":{"background-color":"","background-image":"","background-repeat":"repeat","background-position":"center center","background-size":"auto","background-attachment":"scroll","background-type":"","background-media":"","overlay-type":"","overlay-color":"","overlay-opacity":"","overlay-gradient":""},"tablet":{"background-color":"","background-image":"","background-repeat":"repeat","background-position":"center center","background-size":"auto","background-attachment":"scroll","background-type":"","background-media":"","overlay-type":"","overlay-color":"","overlay-opacity":"","overlay-gradient":""},"mobile":{"background-color":"","background-image":"","background-repeat":"repeat","background-position":"center center","background-size":"auto","background-attachment":"scroll","background-type":"","background-media":"","overlay-type":"","overlay-color":"","overlay-opacity":"","overlay-gradient":""}},"ast-content-background-meta":{"desktop":{"background-color":"var(--ast-global-color-5)","background-image":"","background-repeat":"repeat","background-position":"center center","background-size":"auto","background-attachment":"scroll","background-type":"","background-media":"","overlay-type":"","overlay-color":"","overlay-opacity":"","overlay-gradient":""},"tablet":{"background-color":"var(--ast-global-color-5)","background-image":"","background-repeat":"repeat","background-position":"center center","background-size":"auto","background-attachment":"scroll","background-type":"","background-media":"","overlay-type":"","overlay-color":"","overlay-opacity":"","overlay-gradient":""},"mobile":{"background-color":"var(--ast-global-color-5)","background-image":"","background-repeat":"repeat","background-position":"center center","background-size":"auto","background-attachment":"scroll","background-type":"","background-media":"","overlay-type":"","overlay-color":"","overlay-opacity":"","overlay-gradient":""}},"footnotes":""},"class_list":["post-889","page","type-page","status-publish","hentry"],"_links":{"self":[{"href":"https:\/\/semprealertagestaoservicos.com.br\/index.php?rest_route=\/wp\/v2\/pages\/889","targetHints":{"allow":["GET"]}}],"collection":[{"href":"https:\/\/semprealertagestaoservicos.com.br\/index.php?rest_route=\/wp\/v2\/pages"}],"about":[{"href":"https:\/\/semprealertagestaoservicos.com.br\/index.php?rest_route=\/wp\/v2\/types\/page"}],"author":[{"embeddable":true,"href":"https:\/\/semprealertagestaoservicos.com.br\/index.php?rest_route=\/wp\/v2\/users\/1"}],"replies":[{"embeddable":true,"href":"https:\/\/semprealertagestaoservicos.com.br\/index.php?rest_route=%2Fwp%2Fv2%2Fcomments&post=889"}],"version-history":[{"count":33,"href":"https:\/\/semprealertagestaoservicos.com.br\/index.php?rest_route=\/wp\/v2\/pages\/889\/revisions"}],"predecessor-version":[{"id":1585,"href":"https:\/\/semprealertagestaoservicos.com.br\/index.php?rest_route=\/wp\/v2\/pages\/889\/revisions\/1585"}],"wp:attachment":[{"href":"https:\/\/semprealertagestaoservicos.com.br\/index.php?rest_route=%2Fwp%2Fv2%2Fmedia&parent=889"}],"curies":[{"name":"wp","href":"https:\/\/api.w.org\/{rel}","templated":true}]}}