{"id":887,"date":"2022-02-02T06:59:35","date_gmt":"2022-02-02T06:59:35","guid":{"rendered":"https:\/\/semprealertagestaoservicos.com.br\/about\/"},"modified":"2025-08-08T22:34:17","modified_gmt":"2025-08-09T01:34:17","slug":"about","status":"publish","type":"page","link":"https:\/\/semprealertagestaoservicos.com.br\/?page_id=887","title":{"rendered":"Quem somos"},"content":{"rendered":"\n<div class=\"wp-block-columns is-layout-flex wp-container-core-columns-is-layout-28f84493 wp-block-columns-is-layout-flex\">\n<div class=\"wp-block-column is-layout-flow wp-block-column-is-layout-flow\"><\/div>\n<\/div>\n\n\n\n<div class=\"wp-block-columns is-layout-flex wp-container-core-columns-is-layout-28f84493 wp-block-columns-is-layout-flex\">\n<div class=\"wp-block-column is-layout-flow wp-block-column-is-layout-flow\">\n<p class=\"has-medium-font-size\"><strong>Quem somos<\/strong><\/p>\n\n\n\n<p class=\"has-text-align-center\">Respeitada pela qualidade de seus servi\u00e7os, a empresa SEMPRE ALERTA AGENCIAMENTO DE M\u00c3O DE OBRA E SERVI\u00c7OS GERAIS LTDA, sediada em Bras\u00edlia-DF, atua a mais de 23 anos no territ\u00f3rio nacional fornecendo m\u00e3o de obra especializada para clientes p\u00fablicos e privados, com base na qualidade e responsabilidade, operando de forma moderna, din\u00e2mica e inovadora, para atender da melhor forma as necessidades de seus clientes.<br><br>A empresa possui uma equipe t\u00e9cnica apta a lidar com situa\u00e7\u00f5es adversas e prioriza o aperfei\u00e7oamento cont\u00ednuo dos profissionais que garante seguran\u00e7a e tranquilidade aos nossos clientes.<\/p>\n<\/div>\n<\/div>\n\n\n\n<p class=\"has-text-align-center\"><strong>ESTRUTURA ORGANIZACIONAL DA SEMPRE ALERTA<\/strong><\/p>\n\n\n\n<div class=\"wp-block-columns is-layout-flex wp-container-core-columns-is-layout-28f84493 wp-block-columns-is-layout-flex\">\n<div class=\"wp-block-column is-layout-flow wp-block-column-is-layout-flow\">\n<p>Para o alcance dos objetivos organizacionais, a SEMPRE ALERTA est\u00e1 organizada conforme a estrutura apresentada na Figura abaixo, a qual contempla \u00e1reas estrat\u00e9gicas, t\u00e1ticas e operacional.<\/p>\n<\/div>\n<\/div>\n\n\n\n<figure class=\"wp-block-image aligncenter size-full\"><img loading=\"lazy\" decoding=\"async\" width=\"894\" height=\"577\" src=\"https:\/\/semprealertagestaoservicos.com.br\/wp-content\/uploads\/2025\/08\/ESTRUTURA.jpg\" alt=\"\" class=\"wp-image-1539\" srcset=\"https:\/\/semprealertagestaoservicos.com.br\/wp-content\/uploads\/2025\/08\/ESTRUTURA.jpg 894w, https:\/\/semprealertagestaoservicos.com.br\/wp-content\/uploads\/2025\/08\/ESTRUTURA-300x194.jpg 300w, https:\/\/semprealertagestaoservicos.com.br\/wp-content\/uploads\/2025\/08\/ESTRUTURA-768x496.jpg 768w\" sizes=\"auto, (max-width: 894px) 100vw, 894px\" \/><\/figure>\n\n\n\n<p><\/p>\n\n\n\n<div class=\"wp-block-columns has-ast-global-color-0-background-color has-background has-medium-font-size is-layout-flex wp-container-core-columns-is-layout-28f84493 wp-block-columns-is-layout-flex\">\n<div class=\"wp-block-column is-layout-flow wp-block-column-is-layout-flow\">\n<h6 class=\"wp-block-heading has-text-align-center\">MISS\u00c3O<\/h6>\n\n\n\n<p class=\"has-text-align-center\">Fornecer m\u00e3o de obra com a compet\u00eancia necess\u00e1ria para atender com efici\u00eancia e efic\u00e1cia<br>as demandas dos clientes, de modo a superar as suas expectativas, sempre em conformidade com<br>requisitos legais, regulamentares e seu Programa de Integridade.<\/p>\n<\/div>\n\n\n\n<div class=\"wp-block-column is-layout-flow wp-block-column-is-layout-flow\">\n<h6 class=\"wp-block-heading has-text-align-center\">VIS\u00c3O<\/h6>\n\n\n\n<p>Manter-se atuante em seu segmento de atua\u00e7\u00e3o, sendo refer\u00eancia para clientes, governo e<br>empresas concorrentes.<\/p>\n<\/div>\n\n\n\n<div class=\"wp-block-column is-layout-flow wp-block-column-is-layout-flow\">\n<h6 class=\"wp-block-heading has-text-align-center\">VALORES<\/h6>\n\n\n\n<p class=\"has-text-align-center\">A Sempre Alerta preza pela \u00e9tica, transpar\u00eancia, comprometimento e respeito, propiciando aos seus colaboradores um ambiente de respeito, livre de ass\u00e9dios e discrimina\u00e7\u00f5es.<\/p>\n<\/div>\n<\/div>\n\n\n\n<div class=\"wp-block-columns has-ast-global-color-0-background-color has-background has-medium-font-size is-layout-flex wp-container-core-columns-is-layout-28f84493 wp-block-columns-is-layout-flex\">\n<div class=\"wp-block-column is-layout-flow wp-block-column-is-layout-flow\">\n<h6 class=\"wp-block-heading has-text-align-center\">MISS\u00c3O<\/h6>\n\n\n\n<p class=\"has-text-align-center\">Fornecer m\u00e3o de obra com a compet\u00eancia necess\u00e1ria para atender com efici\u00eancia e efic\u00e1cia<br>as demandas dos clientes, de modo a superar as suas expectativas, sempre em conformidade com<br>requisitos legais, regulamentares e seu Programa de Integridade.<\/p>\n<\/div>\n\n\n\n<div class=\"wp-block-column is-layout-flow wp-block-column-is-layout-flow\">\n<h6 class=\"wp-block-heading has-text-align-center\">VIS\u00c3O<\/h6>\n\n\n\n<p>Manter-se atuante em seu segmento de atua\u00e7\u00e3o, sendo refer\u00eancia para clientes, governo e<br>empresas concorrentes.<\/p>\n<\/div>\n\n\n\n<div class=\"wp-block-column is-layout-flow wp-block-column-is-layout-flow\">\n<h6 class=\"wp-block-heading has-text-align-center\">VALORES<\/h6>\n\n\n\n<p class=\"has-text-align-center\">A Sempre Alerta preza pela \u00e9tica, transpar\u00eancia, comprometimento e respeito, propiciando aos seus colaboradores um ambiente de respeito, livre de ass\u00e9dios e discrimina\u00e7\u00f5es.<\/p>\n<\/div>\n<\/div>\n","protected":false},"excerpt":{"rendered":"<p>Quem somos Respeitada pela qualidade de seus servi\u00e7os, a empresa SEMPRE ALERTA AGENCIAMENTO DE M\u00c3O DE OBRA E SERVI\u00c7OS GERAIS LTDA, sediada em Bras\u00edlia-DF, atua a mais de 23 anos no territ\u00f3rio nacional fornecendo m\u00e3o de obra especializada para clientes p\u00fablicos e privados, com base na qualidade e responsabilidade, operando de forma moderna, din\u00e2mica e [&hellip;]<\/p>\n","protected":false},"author":1,"featured_media":0,"parent":0,"menu_order":0,"comment_status":"closed","ping_status":"closed","template":"","meta":{"site-sidebar-layout":"no-sidebar","site-content-layout":"plain-container","ast-site-content-layout":"normal-width-container","site-content-style":"unboxed","site-sidebar-style":"unboxed","ast-global-header-display":"","ast-banner-title-visibility":"","ast-main-header-display":"","ast-hfb-above-header-display":"","ast-hfb-below-header-display":"","ast-hfb-mobile-header-display":"","site-post-title":"disabled","ast-breadcrumbs-content":"","ast-featured-img":"disabled","footer-sml-layout":"","theme-transparent-header-meta":"enabled","adv-header-id-meta":"","stick-header-meta":"","header-above-stick-meta":"","header-main-stick-meta":"","header-below-stick-meta":"","astra-migrate-meta-layouts":"set","ast-page-background-enabled":"default","ast-page-background-meta":{"desktop":{"background-color":"","background-image":"","background-repeat":"repeat","background-position":"center center","background-size":"auto","background-attachment":"scroll","background-type":"","background-media":"","overlay-type":"","overlay-color":"","overlay-opacity":"","overlay-gradient":""},"tablet":{"background-color":"","background-image":"","background-repeat":"repeat","background-position":"center center","background-size":"auto","background-attachment":"scroll","background-type":"","background-media":"","overlay-type":"","overlay-color":"","overlay-opacity":"","overlay-gradient":""},"mobile":{"background-color":"","background-image":"","background-repeat":"repeat","background-position":"center center","background-size":"auto","background-attachment":"scroll","background-type":"","background-media":"","overlay-type":"","overlay-color":"","overlay-opacity":"","overlay-gradient":""}},"ast-content-background-meta":{"desktop":{"background-color":"var(--ast-global-color-5)","background-image":"","background-repeat":"repeat","background-position":"center center","background-size":"auto","background-attachment":"scroll","background-type":"","background-media":"","overlay-type":"","overlay-color":"","overlay-opacity":"","overlay-gradient":""},"tablet":{"background-color":"var(--ast-global-color-5)","background-image":"","background-repeat":"repeat","background-position":"center center","background-size":"auto","background-attachment":"scroll","background-type":"","background-media":"","overlay-type":"","overlay-color":"","overlay-opacity":"","overlay-gradient":""},"mobile":{"background-color":"var(--ast-global-color-5)","background-image":"","background-repeat":"repeat","background-position":"center center","background-size":"auto","background-attachment":"scroll","background-type":"","background-media":"","overlay-type":"","overlay-color":"","overlay-opacity":"","overlay-gradient":""}},"footnotes":""},"class_list":["post-887","page","type-page","status-publish","hentry"],"_links":{"self":[{"href":"https:\/\/semprealertagestaoservicos.com.br\/index.php?rest_route=\/wp\/v2\/pages\/887","targetHints":{"allow":["GET"]}}],"collection":[{"href":"https:\/\/semprealertagestaoservicos.com.br\/index.php?rest_route=\/wp\/v2\/pages"}],"about":[{"href":"https:\/\/semprealertagestaoservicos.com.br\/index.php?rest_route=\/wp\/v2\/types\/page"}],"author":[{"embeddable":true,"href":"https:\/\/semprealertagestaoservicos.com.br\/index.php?rest_route=\/wp\/v2\/users\/1"}],"replies":[{"embeddable":true,"href":"https:\/\/semprealertagestaoservicos.com.br\/index.php?rest_route=%2Fwp%2Fv2%2Fcomments&post=887"}],"version-history":[{"count":9,"href":"https:\/\/semprealertagestaoservicos.com.br\/index.php?rest_route=\/wp\/v2\/pages\/887\/revisions"}],"predecessor-version":[{"id":1583,"href":"https:\/\/semprealertagestaoservicos.com.br\/index.php?rest_route=\/wp\/v2\/pages\/887\/revisions\/1583"}],"wp:attachment":[{"href":"https:\/\/semprealertagestaoservicos.com.br\/index.php?rest_route=%2Fwp%2Fv2%2Fmedia&parent=887"}],"curies":[{"name":"wp","href":"https:\/\/api.w.org\/{rel}","templated":true}]}}