{"id":1413,"date":"2023-05-19T09:56:56","date_gmt":"2023-05-19T12:56:56","guid":{"rendered":"https:\/\/semprealertagestaoservicos.com.br\/?page_id=1413"},"modified":"2025-08-10T22:43:21","modified_gmt":"2025-08-11T01:43:21","slug":"programa-de-integridade","status":"publish","type":"page","link":"https:\/\/semprealertagestaoservicos.com.br\/?page_id=1413","title":{"rendered":"PROGRAMA DE INTEGRIDADE"},"content":{"rendered":"\n<div class=\"wp-block-columns is-layout-flex wp-container-core-columns-is-layout-28f84493 wp-block-columns-is-layout-flex\">\n<div class=\"wp-block-column is-layout-flow wp-block-column-is-layout-flow\">\n<p>O Programa de Integridade \u00e9 expresso por um conjunto de arranjos planejados em conformidade com as caracter\u00edsticas e os riscos atuais das atividades da pessoa jur\u00eddica, e tem por objetivo prevenir, detectar e sanar desvios, fraudes, irregularidades e atos il\u00edcitos praticados contra a administra\u00e7\u00e3o p\u00fablica, nacional ou estrangeira. O incentivo \u00e0 den\u00fancia de irregularidade, a institui\u00e7\u00e3o e aplica\u00e7\u00e3o do c\u00f3digo de conduta e \u00e9tica e a aplica\u00e7\u00e3o e dissemina\u00e7\u00e3o das boas pr\u00e1ticas corporativas, s\u00e3o mecanismos que integram esse conjunto.<\/p>\n\n\n\n<p>Ademais, \u00e9 um sistema vivo, din\u00e2mico, sempre em evolu\u00e7\u00e3o, que visa o processo de ensino, de aprendizagem, de gest\u00e3o do comportamento humano de forma a conduzi-lo ao cumprimento de leis, contratos, acordos, regras pr\u00e9-estabelecidas, pr\u00e9-acordadas entre as partes envolvidas, para o n\u00e3o cometimento de infra\u00e7\u00f5es.<\/p>\n<\/div>\n<\/div>\n\n\n\n<p><strong><u>PRINCIPAIS PILARES<\/u><\/strong><\/p>\n\n\n\n<figure class=\"wp-block-image aligncenter size-full\"><img loading=\"lazy\" decoding=\"async\" width=\"736\" height=\"365\" src=\"https:\/\/semprealertagestaoservicos.com.br\/wp-content\/uploads\/2025\/08\/pilares.png\" alt=\"\" class=\"wp-image-1535\" srcset=\"https:\/\/semprealertagestaoservicos.com.br\/wp-content\/uploads\/2025\/08\/pilares.png 736w, https:\/\/semprealertagestaoservicos.com.br\/wp-content\/uploads\/2025\/08\/pilares-300x149.png 300w\" sizes=\"auto, (max-width: 736px) 100vw, 736px\" \/><\/figure>\n\n\n\n<p><strong><u>CONFORMIDADE LEGAL<\/u><\/strong><\/p>\n\n\n\n<ol style=\"list-style-type:lower-alpha\" class=\"wp-block-list\">\n<li><a href=\"http:\/\/legislacao.planalto.gov.br\/legisla\/legislacao.nsf\/Viw_Identificacao\/lei%2012.846-2013?OpenDocument\">LEI N\u00ba 12.846, DE 1\u00ba DE AGOSTO DE 2013<\/a><\/li>\n<\/ol>\n\n\n\n<p>Disp\u00f5e sobre a responsabiliza\u00e7\u00e3o administrativa e civil de pessoas jur\u00eddicas pela pr\u00e1tica de atos contra a administra\u00e7\u00e3o p\u00fablica, nacional ou estrangeira, e d\u00e1 outras provid\u00eancias.<\/p>\n\n\n\n<p>      b. <a href=\"http:\/\/www.sinj.df.gov.br\/sinj\/DetalhesDeNorma.aspx?id_norma=3bf29283d9ea42ce9b8feff3d4fa253e\" target=\"_blank\" rel=\"noreferrer noopener\">LEI N\u00ba 6.112, DE 02 DE FEVEREIRO DE 2018<\/a><\/p>\n\n\n\n<p>Disp\u00f5e sobre a implementa\u00e7\u00e3o de Programa de Integridade em pessoas jur\u00eddicas que firmem rela\u00e7\u00e3o contratual de qualquer natureza com a administra\u00e7\u00e3o p\u00fablica do Distrito Federal em todas as esferas de poder e d\u00e1 outras provid\u00eancias.<\/p>\n\n\n\n<p>      c. <a href=\"http:\/\/www.sinj.df.gov.br\/sinj\/DetalhesDeNorma.aspx?id_norma=a451f853649a4ecc8931491b970bc149\" target=\"_blank\" rel=\"noreferrer noopener\">LEI N\u00ba 6.308, DE 13 DE JUNHO DE 2019<\/a><\/p>\n\n\n\n<p>Altera a&nbsp;<a href=\"http:\/\/www.sinj.df.gov.br\/sinj\/Norma\/3bf29283d9ea42ce9b8feff3d4fa253e\/Lei_6112.html#art1_par_add_0\">Lei n\u00ba 6.112, de 2 de fevereiro de 2018<\/a>, que disp\u00f5e sobre a obrigatoriedade da implanta\u00e7\u00e3o do Programa de Integridade nas empresas que contratarem com a Administra\u00e7\u00e3o P\u00fablica do Distrito Federal, em todas esferas de Poder, e d\u00e1 outras provid\u00eancias.<\/p>\n\n\n\n<p>      d. <a href=\"http:\/\/www.sinj.df.gov.br\/sinj\/DetalhesDeNorma.aspx?id_norma=086e6cf411324809973472ec9f54060a\" target=\"_blank\" rel=\"noreferrer noopener\">DECRETO N\u00ba 40.388, DE 14 DE JANEIRO DE 2020<\/a><\/p>\n\n\n\n<p>Disp\u00f5e sobre a avalia\u00e7\u00e3o de programas de integridade de pessoas jur\u00eddicas que celebrem contratos, cons\u00f3rcios, conv\u00eanios, concess\u00f5es ou parcerias p\u00fablico-privadas com a administra\u00e7\u00e3o p\u00fablica direta ou indireta do Distrito Federal, de acordo com a Lei n\u00ba 6.112, de 02 de fevereiro de 2018.<\/p>\n\n\n\n<p><strong><u>POL\u00cdTICA DE INTEGRIDADE<\/u><\/strong><\/p>\n\n\n\n<p>A SEMPRE ALERTA, em suas rela\u00e7\u00f5es contratuais com a administra\u00e7\u00e3o p\u00fablica, garante n\u00e3o causar preju\u00edzos materiais ou financeiros causados por irregularidades, desvios de \u00e9tica e de conduta e fraudes contratuais, para n\u00e3o incorrer em pagamento de multas, impedimento de contratar com a administra\u00e7\u00e3o p\u00fablica e na aplica\u00e7\u00e3o de medidas disciplinares, entre elas, a demiss\u00e3o por justa causa do respons\u00e1vel pela situa\u00e7\u00e3o, como resultado:<\/p>\n\n\n\n<p>a- do cumprimento das leis antissuborno aplic\u00e1veis \u00e0 organiza\u00e7\u00e3o;<\/p>\n\n\n\n<p>b- da implementa\u00e7\u00e3o de pr\u00e1ticas, entre elas, as que encorajam o levantamento de relatos<\/p>\n\n\n\n<p>feitos de boa-f\u00e9 ou com base em uma razo\u00e1vel convic\u00e7\u00e3o de viola\u00e7\u00e3o ou suspeita de<\/p>\n\n\n\n<p>viola\u00e7\u00e3o da pol\u00edtica de Integridade da organiza\u00e7\u00e3o, ou por se recusar a participar do<\/p>\n\n\n\n<p>suborno,&nbsp;<\/p>\n\n\n\n<p>c- da implementa\u00e7\u00e3o de pr\u00e1ticas que mitigam as possibilidades de suborno;<\/p>\n\n\n\n<p>d- da implementa\u00e7\u00e3o de pr\u00e1ticas que promovam garantias aos denunciantes de fatos que<\/p>\n\n\n\n<p>infrinjam o C\u00f3digo de \u00c9tica;<\/p>\n\n\n\n<p>e- da implementa\u00e7\u00e3o de pr\u00e1ticas que promovam melhoria cont\u00ednua do Programa de<\/p>\n\n\n\n<p>Integridade.&nbsp;<\/p>\n\n\n\n<p><\/p>\n\n\n\t\t<div class='wp-block-peb-pdf-embed  align' id='pebPDFEmbed-7d048058-b' data-props='{&quot;attributes&quot;:{&quot;cId&quot;:&quot;7d048058-b&quot;,&quot;file&quot;:{&quot;id&quot;:1532,&quot;url&quot;:&quot;https:\\\/\\\/semprealertagestaoservicos.com.br\\\/wp-content\\\/uploads\\\/2025\\\/08\\\/CODIGO-DE-CONDUTA-E-ETICA.pdf&quot;,&quot;alt&quot;:&quot;&quot;,&quot;title&quot;:&quot;CODIGO-DE-CONDUTA-E-ETICA&quot;},&quot;height&quot;:&quot;1100px&quot;,&quot;align&quot;:&quot;&quot;,&quot;config&quot;:{&quot;embedMode&quot;:&quot;SIZED_CONTAINER&quot;},&quot;alignment&quot;:&quot;center&quot;,&quot;width&quot;:&quot;100%&quot;},&quot;pebAPIKey&quot;:&quot;7ac544b78df04e14bc12b9f19830cee8&quot;}'><\/div>\n\n\t\t\n\n\t\t<div class='wp-block-peb-pdf-embed  align' id='pebPDFEmbed-3f02f775-d' data-props='{&quot;attributes&quot;:{&quot;cId&quot;:&quot;3f02f775-d&quot;,&quot;file&quot;:{&quot;id&quot;:1587,&quot;url&quot;:&quot;https:\\\/\\\/semprealertagestaoservicos.com.br\\\/wp-content\\\/uploads\\\/2025\\\/08\\\/02-ANEXO-II-PROGRAMA-DE-INTEGRIDADE.pdf&quot;,&quot;alt&quot;:&quot;&quot;,&quot;title&quot;:&quot;02 -ANEXO II - PROGRAMA DE INTEGRIDADE&quot;},&quot;height&quot;:&quot;1100px&quot;,&quot;align&quot;:&quot;&quot;,&quot;config&quot;:{&quot;embedMode&quot;:&quot;SIZED_CONTAINER&quot;},&quot;alignment&quot;:&quot;center&quot;,&quot;width&quot;:&quot;100%&quot;},&quot;pebAPIKey&quot;:&quot;7ac544b78df04e14bc12b9f19830cee8&quot;}'><\/div>\n\n\t\t\n\n\n<div class=\"wp-block-columns has-ast-global-color-0-background-color has-background has-medium-font-size is-layout-flex wp-container-core-columns-is-layout-28f84493 wp-block-columns-is-layout-flex\">\n<div class=\"wp-block-column is-layout-flow wp-block-column-is-layout-flow\">\n<h6 class=\"wp-block-heading has-text-align-center\">MISS\u00c3O<\/h6>\n\n\n\n<p class=\"has-text-align-center\">Fornecer m\u00e3o de obra com a compet\u00eancia necess\u00e1ria para atender com efici\u00eancia e efic\u00e1cia<br>as demandas dos clientes, de modo a superar as suas expectativas, sempre em conformidade com<br>requisitos legais, regulamentares e seu Programa de Integridade.<\/p>\n<\/div>\n\n\n\n<div class=\"wp-block-column is-layout-flow wp-block-column-is-layout-flow\">\n<h6 class=\"wp-block-heading has-text-align-center\">VIS\u00c3O<\/h6>\n\n\n\n<p>Manter-se atuante em seu segmento de atua\u00e7\u00e3o, sendo refer\u00eancia para clientes, governo e<br>empresas concorrentes.<\/p>\n<\/div>\n\n\n\n<div class=\"wp-block-column is-layout-flow wp-block-column-is-layout-flow\">\n<h6 class=\"wp-block-heading has-text-align-center\">VALORES<\/h6>\n\n\n\n<p class=\"has-text-align-center\">A Sempre Alerta preza pela \u00e9tica, transpar\u00eancia, comprometimento e respeito, propiciando aos seus colaboradores um ambiente de respeito, livre de ass\u00e9dios e discrimina\u00e7\u00f5es.<\/p>\n<\/div>\n<\/div>\n\n\n\n<div class=\"wp-block-columns has-ast-global-color-0-background-color has-background has-medium-font-size is-layout-flex wp-container-core-columns-is-layout-28f84493 wp-block-columns-is-layout-flex\">\n<div class=\"wp-block-column is-layout-flow wp-block-column-is-layout-flow\">\n<h6 class=\"wp-block-heading has-text-align-center\">Endere\u00e7o:<\/h6>\n\n\n\n<p class=\"has-text-align-center\">SAAN, Quadra 01, Lt 1290, Bras\u00edlia-DF<br>CEP: 70.632-100<br>61-3201-4664<\/p>\n<\/div>\n\n\n\n<div class=\"wp-block-column is-layout-flow wp-block-column-is-layout-flow\">\n<h6 class=\"wp-block-heading has-text-align-center\">Email:<\/h6>\n\n\n\n<p class=\"has-text-align-center\">semprealertaltda@gmail.com<\/p>\n<\/div>\n\n\n\n<div class=\"wp-block-column is-layout-flow wp-block-column-is-layout-flow\">\n<h6 class=\"wp-block-heading has-text-align-center\">Hor\u00e1rio de atendimento:<\/h6>\n\n\n\n<p class=\"has-text-align-center\">Segunda a Quinta 8h \u00e0s 18h<br>Sexta 8h \u00e0s 17h<\/p>\n<\/div>\n<\/div>\n","protected":false},"excerpt":{"rendered":"<p>O Programa de Integridade \u00e9 expresso por um conjunto de arranjos planejados em conformidade com as caracter\u00edsticas e os riscos atuais das atividades da pessoa jur\u00eddica, e tem por objetivo prevenir, detectar e sanar desvios, fraudes, irregularidades e atos il\u00edcitos praticados contra a administra\u00e7\u00e3o p\u00fablica, nacional ou estrangeira. O incentivo \u00e0 den\u00fancia de irregularidade, a [&hellip;]<\/p>\n","protected":false},"author":1,"featured_media":0,"parent":0,"menu_order":0,"comment_status":"closed","ping_status":"closed","template":"","meta":{"site-sidebar-layout":"default","site-content-layout":"","ast-site-content-layout":"default","site-content-style":"default","site-sidebar-style":"default","ast-global-header-display":"","ast-banner-title-visibility":"","ast-main-header-display":"","ast-hfb-above-header-display":"","ast-hfb-below-header-display":"","ast-hfb-mobile-header-display":"","site-post-title":"","ast-breadcrumbs-content":"","ast-featured-img":"","footer-sml-layout":"","theme-transparent-header-meta":"","adv-header-id-meta":"","stick-header-meta":"","header-above-stick-meta":"","header-main-stick-meta":"","header-below-stick-meta":"","astra-migrate-meta-layouts":"set","ast-page-background-enabled":"default","ast-page-background-meta":{"desktop":{"background-color":"","background-image":"","background-repeat":"repeat","background-position":"center center","background-size":"auto","background-attachment":"scroll","background-type":"","background-media":"","overlay-type":"","overlay-color":"","overlay-opacity":"","overlay-gradient":""},"tablet":{"background-color":"","background-image":"","background-repeat":"repeat","background-position":"center center","background-size":"auto","background-attachment":"scroll","background-type":"","background-media":"","overlay-type":"","overlay-color":"","overlay-opacity":"","overlay-gradient":""},"mobile":{"background-color":"","background-image":"","background-repeat":"repeat","background-position":"center center","background-size":"auto","background-attachment":"scroll","background-type":"","background-media":"","overlay-type":"","overlay-color":"","overlay-opacity":"","overlay-gradient":""}},"ast-content-background-meta":{"desktop":{"background-color":"var(--ast-global-color-5)","background-image":"","background-repeat":"repeat","background-position":"center center","background-size":"auto","background-attachment":"scroll","background-type":"","background-media":"","overlay-type":"","overlay-color":"","overlay-opacity":"","overlay-gradient":""},"tablet":{"background-color":"var(--ast-global-color-5)","background-image":"","background-repeat":"repeat","background-position":"center center","background-size":"auto","background-attachment":"scroll","background-type":"","background-media":"","overlay-type":"","overlay-color":"","overlay-opacity":"","overlay-gradient":""},"mobile":{"background-color":"var(--ast-global-color-5)","background-image":"","background-repeat":"repeat","background-position":"center center","background-size":"auto","background-attachment":"scroll","background-type":"","background-media":"","overlay-type":"","overlay-color":"","overlay-opacity":"","overlay-gradient":""}},"footnotes":""},"class_list":["post-1413","page","type-page","status-publish","hentry"],"_links":{"self":[{"href":"https:\/\/semprealertagestaoservicos.com.br\/index.php?rest_route=\/wp\/v2\/pages\/1413","targetHints":{"allow":["GET"]}}],"collection":[{"href":"https:\/\/semprealertagestaoservicos.com.br\/index.php?rest_route=\/wp\/v2\/pages"}],"about":[{"href":"https:\/\/semprealertagestaoservicos.com.br\/index.php?rest_route=\/wp\/v2\/types\/page"}],"author":[{"embeddable":true,"href":"https:\/\/semprealertagestaoservicos.com.br\/index.php?rest_route=\/wp\/v2\/users\/1"}],"replies":[{"embeddable":true,"href":"https:\/\/semprealertagestaoservicos.com.br\/index.php?rest_route=%2Fwp%2Fv2%2Fcomments&post=1413"}],"version-history":[{"count":11,"href":"https:\/\/semprealertagestaoservicos.com.br\/index.php?rest_route=\/wp\/v2\/pages\/1413\/revisions"}],"predecessor-version":[{"id":1589,"href":"https:\/\/semprealertagestaoservicos.com.br\/index.php?rest_route=\/wp\/v2\/pages\/1413\/revisions\/1589"}],"wp:attachment":[{"href":"https:\/\/semprealertagestaoservicos.com.br\/index.php?rest_route=%2Fwp%2Fv2%2Fmedia&parent=1413"}],"curies":[{"name":"wp","href":"https:\/\/api.w.org\/{rel}","templated":true}]}}